{"id":2568,"date":"2023-10-28T13:54:41","date_gmt":"2023-10-28T11:54:41","guid":{"rendered":"https:\/\/minotel.com\/sitemap\/"},"modified":"2023-11-02T14:29:47","modified_gmt":"2023-11-02T13:29:47","slug":"sitemap","status":"publish","type":"page","link":"https:\/\/minotel.com\/de\/sitemap\/","title":{"rendered":"Sitemap"},"content":{"rendered":"\t\t<div data-elementor-type=\"wp-page\" data-elementor-id=\"2568\" class=\"elementor elementor-2568 elementor-2506\">\n\t\t\t\t\t\t\t\t\t<section class=\"elementor-section elementor-top-section elementor-element elementor-element-ed36017 elementor-section-stretched bansuite elementor-section-boxed elementor-section-height-default elementor-section-height-default\" data-id=\"ed36017\" data-element_type=\"section\" data-settings=\"{&quot;stretch_section&quot;:&quot;section-stretched&quot;,&quot;background_background&quot;:&quot;classic&quot;,&quot;_ha_eqh_enable&quot;:false}\">\n\t\t\t\t\t\t\t<div class=\"elementor-background-overlay\"><\/div>\n\t\t\t\t\t\t\t<div class=\"elementor-container elementor-column-gap-default\">\n\t\t\t\t\t<div class=\"elementor-column elementor-col-100 elementor-top-column elementor-element elementor-element-3aefcdc\" data-id=\"3aefcdc\" data-element_type=\"column\">\n\t\t\t<div class=\"elementor-widget-wrap\">\n\t\t\t\t\t\t\t\t\t<\/div>\n\t\t<\/div>\n\t\t\t\t\t\t\t<\/div>\n\t\t<\/section>\n\t\t\t\t<section class=\"elementor-section elementor-top-section elementor-element elementor-element-7051441 elementor-section-stretched elementor-section-boxed elementor-section-height-default elementor-section-height-default\" data-id=\"7051441\" data-element_type=\"section\" data-settings=\"{&quot;stretch_section&quot;:&quot;section-stretched&quot;,&quot;_ha_eqh_enable&quot;:false}\">\n\t\t\t\t\t\t<div class=\"elementor-container elementor-column-gap-wider\">\n\t\t\t\t\t<div class=\"elementor-column elementor-col-100 elementor-top-column elementor-element elementor-element-be75cee\" data-id=\"be75cee\" data-element_type=\"column\" data-settings=\"{&quot;background_background&quot;:&quot;classic&quot;}\">\n\t\t\t<div class=\"elementor-widget-wrap elementor-element-populated\">\n\t\t\t\t\t\t\t\t<div class=\"elementor-element elementor-element-03e7eaa sitemaplink elementor-widget elementor-widget-text-editor\" data-id=\"03e7eaa\" data-element_type=\"widget\" data-settings=\"{&quot;_animation&quot;:&quot;none&quot;}\" data-widget_type=\"text-editor.default\">\n\t\t\t\t<div class=\"elementor-widget-container\">\n\t\t\t<style>\/*! elementor - v3.18.0 - 08-12-2023 *\/\n.elementor-widget-text-editor.elementor-drop-cap-view-stacked .elementor-drop-cap{background-color:#69727d;color:#fff}.elementor-widget-text-editor.elementor-drop-cap-view-framed .elementor-drop-cap{color:#69727d;border:3px solid;background-color:transparent}.elementor-widget-text-editor:not(.elementor-drop-cap-view-default) .elementor-drop-cap{margin-top:8px}.elementor-widget-text-editor:not(.elementor-drop-cap-view-default) .elementor-drop-cap-letter{width:1em;height:1em}.elementor-widget-text-editor .elementor-drop-cap{float:left;text-align:center;line-height:1;font-size:50px}.elementor-widget-text-editor .elementor-drop-cap-letter{display:inline-block}<\/style>\t\t\t\t<h1>SITEMAP \/ EINKAUFSGEMEINSCHAFT SCHWEIZ<\/h1><h2>MINOTEL IST SEIT 1980 EIN \u00d6KOSYSTEM IM DIENSTE VON KMU AUS ALLEN SEKTOREN<\/h2><ul><li><h3>Einkaufszentrale<\/h3><ul><li><a href=\"https:\/\/minotel.com\/de\/wie-funktioniert-es\/\">Wie funktioniert es<\/a><\/li><li><a href=\"https:\/\/minotel.com\/de\/vorteile\/\">Vorteile<\/a><\/li><li><a href=\"https:\/\/minotel.com\/de\/unsere-partner\/\">Unsere Partner<\/a><\/li><li><a href=\"https:\/\/minotel.com\/de\/unsere-mitglieder\/\">Unsere Mitglieder<\/a><\/li><\/ul><\/li><li><h3>\u00fcber uns<\/h3><ul><li><a href=\"https:\/\/minotel.com\/de\/geschichte\/\">Geschichte<\/a><\/li><li><a href=\"https:\/\/minotel.com\/de\/unsere-mission\/\">Unsere Mission<\/a><\/li><li><a href=\"https:\/\/minotel.com\/de\/unsere-werte\/\">Unsere Werte<\/a><\/li><li><a href=\"https:\/\/minotel.com\/de\/das-minotel-oekosystem\/\">Das Minotel-\u00d6kosystem<\/a><\/li><\/ul><\/li><li><h3>Kontakt<\/h3><ul><li><a href=\"https:\/\/minotel.com\/de\/kontakt\/\">Kontakt<\/a><\/li><\/ul><\/li><\/ul>\t\t\t\t\t\t<\/div>\n\t\t\t\t<\/div>\n\t\t\t\t<div class=\"elementor-element elementor-element-ca0e72f elementor-invisible elementor-widget elementor-widget-text-editor\" data-id=\"ca0e72f\" data-element_type=\"widget\" data-settings=\"{&quot;_animation&quot;:&quot;fadeInLeft&quot;}\" data-widget_type=\"text-editor.default\">\n\t\t\t\t<div class=\"elementor-widget-container\">\n\t\t\t\t\t\t\t\t\t\t\t\t\t<\/div>\n\t\t\t\t<\/div>\n\t\t\t\t<div class=\"elementor-element elementor-element-588f6ec listebleu elementor-hidden-desktop elementor-hidden-tablet elementor-hidden-mobile elementor-widget elementor-widget-text-editor\" data-id=\"588f6ec\" data-element_type=\"widget\" data-widget_type=\"text-editor.default\">\n\t\t\t\t<div class=\"elementor-widget-container\">\n\t\t\t\t\t\t\t<ul>\n<li>Tools und Dienstleistungen zur Verbesserung der Rentabilit\u00e4t<\/li>\n<li>Diagnose und Beratung zur Optimierung von Eink\u00e4ufen und Bekanntheitsgrad<\/li>\n<li>Vermittlung von zuverl\u00e4ssigen Partnern<\/li>\n<li>Qualit\u00e4tsprodukte und -dienstleistungen sowie attraktive Bedingungen<\/li>\n<\/ul>\n\t\t\t\t\t\t<\/div>\n\t\t\t\t<\/div>\n\t\t\t\t\t<\/div>\n\t\t<\/div>\n\t\t\t\t\t\t\t<\/div>\n\t\t<\/section>\n\t\t\t\t\t\t\t<\/div>\n\t\t","protected":false},"excerpt":{"rendered":"<p>SITEMAP \/ EINKAUFSGEMEINSCHAFT SCHWEIZ MINOTEL IST SEIT 1980 EIN \u00d6KOSYSTEM IM DIENSTE VON KMU AUS ALLEN SEKTOREN Einkaufszentrale Wie funktioniert es Vorteile Unsere Partner Unsere Mitglieder \u00fcber uns Geschichte Unsere Mission Unsere Werte Das Minotel-\u00d6kosystem Kontakt Kontakt Tools und Dienstleistungen zur Verbesserung der Rentabilit\u00e4t Diagnose und Beratung zur Optimierung von Eink\u00e4ufen und Bekanntheitsgrad Vermittlung von [&hellip;]<\/p>\n","protected":false},"author":1,"featured_media":0,"parent":0,"menu_order":0,"comment_status":"closed","ping_status":"closed","template":"","meta":{"footnotes":""},"class_list":["post-2568","page","type-page","status-publish","hentry"],"yoast_head":"<!-- This site is optimized with the Yoast SEO plugin v21.7 - https:\/\/yoast.com\/wordpress\/plugins\/seo\/ -->\n<title>Sitemap - MINOTEL<\/title>\n<meta name=\"robots\" content=\"index, follow, max-snippet:-1, max-image-preview:large, max-video-preview:-1\" \/>\n<link rel=\"canonical\" href=\"https:\/\/minotel.com\/de\/sitemap\/\" \/>\n<meta property=\"og:locale\" content=\"de_DE\" \/>\n<meta property=\"og:type\" content=\"article\" \/>\n<meta property=\"og:title\" content=\"Sitemap - MINOTEL\" \/>\n<meta property=\"og:description\" content=\"SITEMAP \/ EINKAUFSGEMEINSCHAFT SCHWEIZ MINOTEL IST SEIT 1980 EIN \u00d6KOSYSTEM IM DIENSTE VON KMU AUS ALLEN SEKTOREN Einkaufszentrale Wie funktioniert es Vorteile Unsere Partner Unsere Mitglieder \u00fcber uns Geschichte Unsere Mission Unsere Werte Das Minotel-\u00d6kosystem Kontakt Kontakt Tools und Dienstleistungen zur Verbesserung der Rentabilit\u00e4t Diagnose und Beratung zur Optimierung von Eink\u00e4ufen und Bekanntheitsgrad Vermittlung von [&hellip;]\" \/>\n<meta property=\"og:url\" content=\"https:\/\/minotel.com\/de\/sitemap\/\" \/>\n<meta property=\"og:site_name\" content=\"MINOTEL\" \/>\n<meta property=\"article:modified_time\" content=\"2023-11-02T13:29:47+00:00\" \/>\n<meta name=\"twitter:card\" content=\"summary_large_image\" \/>\n<script type=\"application\/ld+json\" class=\"yoast-schema-graph\">{\"@context\":\"https:\/\/schema.org\",\"@graph\":[{\"@type\":\"WebPage\",\"@id\":\"https:\/\/minotel.com\/de\/sitemap\/\",\"url\":\"https:\/\/minotel.com\/de\/sitemap\/\",\"name\":\"Sitemap - MINOTEL\",\"isPartOf\":{\"@id\":\"http:\/\/minotel.com\/#website\"},\"datePublished\":\"2023-10-28T11:54:41+00:00\",\"dateModified\":\"2023-11-02T13:29:47+00:00\",\"breadcrumb\":{\"@id\":\"https:\/\/minotel.com\/de\/sitemap\/#breadcrumb\"},\"inLanguage\":\"de\",\"potentialAction\":[{\"@type\":\"ReadAction\",\"target\":[\"https:\/\/minotel.com\/de\/sitemap\/\"]}]},{\"@type\":\"BreadcrumbList\",\"@id\":\"https:\/\/minotel.com\/de\/sitemap\/#breadcrumb\",\"itemListElement\":[{\"@type\":\"ListItem\",\"position\":1,\"name\":\"Accueil\",\"item\":\"https:\/\/minotel.com\/de\/\"},{\"@type\":\"ListItem\",\"position\":2,\"name\":\"Sitemap\"}]},{\"@type\":\"WebSite\",\"@id\":\"http:\/\/minotel.com\/#website\",\"url\":\"http:\/\/minotel.com\/\",\"name\":\"MINOTEL\",\"description\":\"Outils et des services pour am\u00e9liorer votre rentabilit\u00e9\",\"potentialAction\":[{\"@type\":\"SearchAction\",\"target\":{\"@type\":\"EntryPoint\",\"urlTemplate\":\"http:\/\/minotel.com\/?s={search_term_string}\"},\"query-input\":\"required name=search_term_string\"}],\"inLanguage\":\"de\"}]}<\/script>\n<!-- \/ Yoast SEO plugin. -->","yoast_head_json":{"title":"Sitemap - MINOTEL","robots":{"index":"index","follow":"follow","max-snippet":"max-snippet:-1","max-image-preview":"max-image-preview:large","max-video-preview":"max-video-preview:-1"},"canonical":"https:\/\/minotel.com\/de\/sitemap\/","og_locale":"de_DE","og_type":"article","og_title":"Sitemap - MINOTEL","og_description":"SITEMAP \/ EINKAUFSGEMEINSCHAFT SCHWEIZ MINOTEL IST SEIT 1980 EIN \u00d6KOSYSTEM IM DIENSTE VON KMU AUS ALLEN SEKTOREN Einkaufszentrale Wie funktioniert es Vorteile Unsere Partner Unsere Mitglieder \u00fcber uns Geschichte Unsere Mission Unsere Werte Das Minotel-\u00d6kosystem Kontakt Kontakt Tools und Dienstleistungen zur Verbesserung der Rentabilit\u00e4t Diagnose und Beratung zur Optimierung von Eink\u00e4ufen und Bekanntheitsgrad Vermittlung von [&hellip;]","og_url":"https:\/\/minotel.com\/de\/sitemap\/","og_site_name":"MINOTEL","article_modified_time":"2023-11-02T13:29:47+00:00","twitter_card":"summary_large_image","schema":{"@context":"https:\/\/schema.org","@graph":[{"@type":"WebPage","@id":"https:\/\/minotel.com\/de\/sitemap\/","url":"https:\/\/minotel.com\/de\/sitemap\/","name":"Sitemap - MINOTEL","isPartOf":{"@id":"http:\/\/minotel.com\/#website"},"datePublished":"2023-10-28T11:54:41+00:00","dateModified":"2023-11-02T13:29:47+00:00","breadcrumb":{"@id":"https:\/\/minotel.com\/de\/sitemap\/#breadcrumb"},"inLanguage":"de","potentialAction":[{"@type":"ReadAction","target":["https:\/\/minotel.com\/de\/sitemap\/"]}]},{"@type":"BreadcrumbList","@id":"https:\/\/minotel.com\/de\/sitemap\/#breadcrumb","itemListElement":[{"@type":"ListItem","position":1,"name":"Accueil","item":"https:\/\/minotel.com\/de\/"},{"@type":"ListItem","position":2,"name":"Sitemap"}]},{"@type":"WebSite","@id":"http:\/\/minotel.com\/#website","url":"http:\/\/minotel.com\/","name":"MINOTEL","description":"Outils et des services pour am\u00e9liorer votre rentabilit\u00e9","potentialAction":[{"@type":"SearchAction","target":{"@type":"EntryPoint","urlTemplate":"http:\/\/minotel.com\/?s={search_term_string}"},"query-input":"required name=search_term_string"}],"inLanguage":"de"}]}},"_links":{"self":[{"href":"https:\/\/minotel.com\/de\/wp-json\/wp\/v2\/pages\/2568","targetHints":{"allow":["GET"]}}],"collection":[{"href":"https:\/\/minotel.com\/de\/wp-json\/wp\/v2\/pages"}],"about":[{"href":"https:\/\/minotel.com\/de\/wp-json\/wp\/v2\/types\/page"}],"author":[{"embeddable":true,"href":"https:\/\/minotel.com\/de\/wp-json\/wp\/v2\/users\/1"}],"replies":[{"embeddable":true,"href":"https:\/\/minotel.com\/de\/wp-json\/wp\/v2\/comments?post=2568"}],"version-history":[{"count":43,"href":"https:\/\/minotel.com\/de\/wp-json\/wp\/v2\/pages\/2568\/revisions"}],"predecessor-version":[{"id":2785,"href":"https:\/\/minotel.com\/de\/wp-json\/wp\/v2\/pages\/2568\/revisions\/2785"}],"wp:attachment":[{"href":"https:\/\/minotel.com\/de\/wp-json\/wp\/v2\/media?parent=2568"}],"curies":[{"name":"wp","href":"https:\/\/api.w.org\/{rel}","templated":true}]}}