{"id":2645,"date":"2022-09-08T19:35:02","date_gmt":"2022-09-08T17:35:02","guid":{"rendered":"https:\/\/minotel.com\/politique-de-confidentialite\/"},"modified":"2023-11-09T15:36:02","modified_gmt":"2023-11-09T14:36:02","slug":"politique-de-confidentialite","status":"publish","type":"page","link":"https:\/\/minotel.com\/de\/politique-de-confidentialite\/","title":{"rendered":"Datenschutzrichtlinie"},"content":{"rendered":"\t\t<div data-elementor-type=\"wp-page\" data-elementor-id=\"2645\" class=\"elementor elementor-2645 elementor-3\">\n\t\t\t\t\t\t\t\t\t<section class=\"elementor-section elementor-top-section elementor-element elementor-element-5b939904 elementor-section-boxed elementor-section-height-default elementor-section-height-default\" data-id=\"5b939904\" data-element_type=\"section\" data-settings=\"{&quot;_ha_eqh_enable&quot;:false}\">\n\t\t\t\t\t\t<div class=\"elementor-container elementor-column-gap-default\">\n\t\t\t\t\t<div class=\"elementor-column elementor-col-100 elementor-top-column elementor-element elementor-element-714362ec\" data-id=\"714362ec\" data-element_type=\"column\">\n\t\t\t<div class=\"elementor-widget-wrap elementor-element-populated\">\n\t\t\t\t\t\t\t\t<div class=\"elementor-element elementor-element-35fe8349 elementor-widget elementor-widget-text-editor\" data-id=\"35fe8349\" data-element_type=\"widget\" data-widget_type=\"text-editor.default\">\n\t\t\t\t<div class=\"elementor-widget-container\">\n\t\t\t<style>\/*! elementor - v3.18.0 - 08-12-2023 *\/\n.elementor-widget-text-editor.elementor-drop-cap-view-stacked .elementor-drop-cap{background-color:#69727d;color:#fff}.elementor-widget-text-editor.elementor-drop-cap-view-framed .elementor-drop-cap{color:#69727d;border:3px solid;background-color:transparent}.elementor-widget-text-editor:not(.elementor-drop-cap-view-default) .elementor-drop-cap{margin-top:8px}.elementor-widget-text-editor:not(.elementor-drop-cap-view-default) .elementor-drop-cap-letter{width:1em;height:1em}.elementor-widget-text-editor .elementor-drop-cap{float:left;text-align:center;line-height:1;font-size:50px}.elementor-widget-text-editor .elementor-drop-cap-letter{display:inline-block}<\/style>\t\t\t\t<h1>DATENSCHUTZRICHTLINIE<\/h1>\n<\/p>\n<h2>VERWENDUNG VON COOKIES UND SCHUTZ PERSONENBEZOGENER DATEN<\/h2>\n<p>Wir setzen Cookies und verwandte Technologien ein, um die Benutzererfahrung auf unserer Website zu optimieren, unseren Website- Verkehr zu ermitteln und unsere Inhalte zu personalisieren. Im Rahmen des neuen Datenschutzgesetzes (nDSG) in der Schweiz verpflichten wir uns, Ihre Daten gewissenhaft und unter Einhaltung der gesetzlichen Datenschutzstandards der Schweiz zu behandeln. <\/p>\n<h3>ERHEBUNG UND VERWALTUNG IHRER PERS\u00d6NLICHEN DATEN<\/h3>\n<p>Ihre pers\u00f6nlichen Daten wie Name, Adresse, E-Mail und Telefonnummer sind Informationen, die sich auf eine identifizierbare Person beziehen. Diese Daten werden erhoben, wenn Sie mit unserer Website interagieren, z. B. \u00fcber ein Formular. Erforderliche Informationen sind mit einem Sternchen gekennzeichnet. Dar\u00fcber hinaus werden bestimmte Informationen automatisch durch Cookies gesammelt. Statistische Daten, die nicht direkt mit Ihnen in Verbindung gebracht werden k\u00f6nnen, werden von dieser Erkl\u00e4rung nicht abgedeckt.    <\/p>\n<h3>VERWENDUNG IHRER PERS\u00d6NLICHEN DATEN<\/h3>\n<p>Ihre pers\u00f6nlichen Daten werden gesammelt, um eine erfolgreiche Verst\u00e4ndigung und einen effizienten Gesch\u00e4ftsverkehr zu gew\u00e4hrleisten sowie zu Marketingzwecken. Sie werden vertraulich behandelt. Wir verwenden diese Daten, um Ihre Anfragen zu beantworten und mit Ihnen zu kommunizieren. Ihre pers\u00f6nlichen Daten werden grunds\u00e4tzlich nicht an Dritte weitergegeben, es sei denn, es liegen gesetzliche Vorlagen vor oder zur Beantwortung Ihres Anliegens ist es erforderlich, einen Servicepartner hinzuzuziehen.   <\/p>\n<h3>ZWECK DER VERARBEITUNG IHRER PERS\u00d6NLICHEN DATEN<\/h3>\n<p>Ihre pers\u00f6nlichen Daten werden auf www.minotel.com erhoben und dazu verwendet, eine erfolgreiche Verst\u00e4ndigung und einen effizienten Gesch\u00e4ftsverkehr zu gew\u00e4hrleisten sowie zu Marketingzwecken. Sie werden vertraulich behandelt. Wir verwenden diese Daten, um Ihre Anfragen zu beantworten und mit Ihnen zu kommunizieren. Ihre pers\u00f6nlichen Daten werden grunds\u00e4tzlich nicht an Dritte weitergegeben, es sei denn, es liegen gesetzliche Vorlagen vor oder zur Beantwortung Ihres Anliegens ist es erforderlich, einen Servicepartner hinzuzuziehen.   <\/p>\n<h3>IHRE DATEN WERDEN UNTER EINHALTUNG DER VOM SCHWEIZER GESETZ BESTIMMTEN GRENZEN IM RAHMEN DER FOLGENDEN ZWECKE VERWENDET:<\/h3>\n<p>Verbreitung von angebots-, dienstleistungs- und referenzbezogener Werbung sowie die Einf\u00fchrung neuer Leistungen<br \/>Durchf\u00fchrung von Meinungsumfragen, Marktforschung sowie Erstellung einer Datenbank<br \/>Gew\u00e4hrleistung der Funktionsf\u00e4higkeit unserer Dienstleistungsangebote<br \/>Ihre Daten werden vertraulich behandelt und grunds\u00e4tzlich nicht an Dritte weitergegeben, es sei denn, es liegen gesetzliche Vorlagen vor oder die Beantwortung Ihres Anliegens erfordert einen Servicepartner.<\/p>\n<h3>ANWENDUNG VON COOKIES<\/h3>\n<p>Unsere Website nutzt Google Analytics, einen Webanalysedienst der Google Inc. (\u201eGoogle\u201c). Google Analytics verwendet Cookies, d. h. Textdateien, die auf Ihrem Computer gespeichert werden, um bei der Analyse der Besuchernutzung unserer Website zu helfen. Die von Cookies erzeugten Informationen (einschliesslich Ihrer IP-Adresse) werden von Google an Server in den USA \u00fcbertragen und dort gespeichert. Google verwendet diese Informationen, um die Nutzung der Website auszuwerten, Reports \u00fcber Websiteaktivit\u00e4ten zu erstellen und andere Dienstleistungen im Zusammenhang mit Websiteaktivit\u00e4ten und der Internetnutzung anzubieten. Google kann diese Informationen an Dritte weitergeben, falls dies gesetzlich vorgeschrieben ist oder falls Dritte die Informationen im Auftrag von Google verarbeiten. Ihre IP-Adresse wird von Google nicht mit anderen Daten von Google in Verbindung gebracht. Sie k\u00f6nnen Cookies durch eine entsprechende Einstellung in Ihrem Browser deaktivieren. Dies kann aber zu Funktionseinschr\u00e4nkungen der Website f\u00fchren. Durch die Nutzung dieser Website erkl\u00e4ren Sie sich damit einverstanden, dass Google Ihre pers\u00f6nlichen Daten in der zuvor beschriebenen Art und Weise und zu dem zuvor benannten Zweck verarbeitet.        <\/p>\n<h3>\u00c4NDERUNGEN<\/h3>\n<p>Diese Datenschutzerkl\u00e4rung kann jederzeit ge\u00e4ndert werden. Wir empfehlen Ihnen daher, sie regelm\u00e4ssig einzusehen. <\/p>\n\t\t\t\t\t\t<\/div>\n\t\t\t\t<\/div>\n\t\t\t\t\t<\/div>\n\t\t<\/div>\n\t\t\t\t\t\t\t<\/div>\n\t\t<\/section>\n\t\t\t\t\t\t\t<\/div>\n\t\t","protected":false},"excerpt":{"rendered":"<p>DATENSCHUTZRICHTLINIE VERWENDUNG VON COOKIES UND SCHUTZ PERSONENBEZOGENER DATEN Wir setzen Cookies und verwandte Technologien ein, um die Benutzererfahrung auf unserer Website zu optimieren, unseren Website- Verkehr zu ermitteln und unsere Inhalte zu personalisieren. Im Rahmen des neuen Datenschutzgesetzes (nDSG) in der Schweiz verpflichten wir uns, Ihre Daten gewissenhaft und unter Einhaltung der gesetzlichen Datenschutzstandards der [&hellip;]<\/p>\n","protected":false},"author":1,"featured_media":0,"parent":0,"menu_order":0,"comment_status":"closed","ping_status":"open","template":"","meta":{"footnotes":""},"class_list":["post-2645","page","type-page","status-publish","hentry"],"yoast_head":"<!-- This site is optimized with the Yoast SEO plugin v21.7 - https:\/\/yoast.com\/wordpress\/plugins\/seo\/ -->\n<title>Datenschutzrichtlinie - MINOTEL<\/title>\n<meta name=\"robots\" content=\"index, follow, max-snippet:-1, max-image-preview:large, max-video-preview:-1\" \/>\n<link rel=\"canonical\" href=\"https:\/\/minotel.com\/de\/politique-de-confidentialite\/\" \/>\n<meta property=\"og:locale\" content=\"de_DE\" \/>\n<meta property=\"og:type\" content=\"article\" \/>\n<meta property=\"og:title\" content=\"Datenschutzrichtlinie - MINOTEL\" \/>\n<meta property=\"og:description\" content=\"DATENSCHUTZRICHTLINIE VERWENDUNG VON COOKIES UND SCHUTZ PERSONENBEZOGENER DATEN Wir setzen Cookies und verwandte Technologien ein, um die Benutzererfahrung auf unserer Website zu optimieren, unseren Website- Verkehr zu ermitteln und unsere Inhalte zu personalisieren. Im Rahmen des neuen Datenschutzgesetzes (nDSG) in der Schweiz verpflichten wir uns, Ihre Daten gewissenhaft und unter Einhaltung der gesetzlichen Datenschutzstandards der [&hellip;]\" \/>\n<meta property=\"og:url\" content=\"https:\/\/minotel.com\/de\/politique-de-confidentialite\/\" \/>\n<meta property=\"og:site_name\" content=\"MINOTEL\" \/>\n<meta property=\"article:modified_time\" content=\"2023-11-09T14:36:02+00:00\" \/>\n<meta name=\"twitter:card\" content=\"summary_large_image\" \/>\n<meta name=\"twitter:label1\" content=\"Gesch\u00e4tzte Lesezeit\" \/>\n\t<meta name=\"twitter:data1\" content=\"3\u00a0Minuten\" \/>\n<script type=\"application\/ld+json\" class=\"yoast-schema-graph\">{\"@context\":\"https:\/\/schema.org\",\"@graph\":[{\"@type\":\"WebPage\",\"@id\":\"https:\/\/minotel.com\/de\/politique-de-confidentialite\/\",\"url\":\"https:\/\/minotel.com\/de\/politique-de-confidentialite\/\",\"name\":\"Datenschutzrichtlinie - MINOTEL\",\"isPartOf\":{\"@id\":\"http:\/\/minotel.com\/#website\"},\"datePublished\":\"2022-09-08T17:35:02+00:00\",\"dateModified\":\"2023-11-09T14:36:02+00:00\",\"breadcrumb\":{\"@id\":\"https:\/\/minotel.com\/de\/politique-de-confidentialite\/#breadcrumb\"},\"inLanguage\":\"de\",\"potentialAction\":[{\"@type\":\"ReadAction\",\"target\":[\"https:\/\/minotel.com\/de\/politique-de-confidentialite\/\"]}]},{\"@type\":\"BreadcrumbList\",\"@id\":\"https:\/\/minotel.com\/de\/politique-de-confidentialite\/#breadcrumb\",\"itemListElement\":[{\"@type\":\"ListItem\",\"position\":1,\"name\":\"Accueil\",\"item\":\"https:\/\/minotel.com\/de\/\"},{\"@type\":\"ListItem\",\"position\":2,\"name\":\"Datenschutzrichtlinie\"}]},{\"@type\":\"WebSite\",\"@id\":\"http:\/\/minotel.com\/#website\",\"url\":\"http:\/\/minotel.com\/\",\"name\":\"MINOTEL\",\"description\":\"Outils et des services pour am\u00e9liorer votre rentabilit\u00e9\",\"potentialAction\":[{\"@type\":\"SearchAction\",\"target\":{\"@type\":\"EntryPoint\",\"urlTemplate\":\"http:\/\/minotel.com\/?s={search_term_string}\"},\"query-input\":\"required name=search_term_string\"}],\"inLanguage\":\"de\"}]}<\/script>\n<!-- \/ Yoast SEO plugin. -->","yoast_head_json":{"title":"Datenschutzrichtlinie - MINOTEL","robots":{"index":"index","follow":"follow","max-snippet":"max-snippet:-1","max-image-preview":"max-image-preview:large","max-video-preview":"max-video-preview:-1"},"canonical":"https:\/\/minotel.com\/de\/politique-de-confidentialite\/","og_locale":"de_DE","og_type":"article","og_title":"Datenschutzrichtlinie - MINOTEL","og_description":"DATENSCHUTZRICHTLINIE VERWENDUNG VON COOKIES UND SCHUTZ PERSONENBEZOGENER DATEN Wir setzen Cookies und verwandte Technologien ein, um die Benutzererfahrung auf unserer Website zu optimieren, unseren Website- Verkehr zu ermitteln und unsere Inhalte zu personalisieren. Im Rahmen des neuen Datenschutzgesetzes (nDSG) in der Schweiz verpflichten wir uns, Ihre Daten gewissenhaft und unter Einhaltung der gesetzlichen Datenschutzstandards der [&hellip;]","og_url":"https:\/\/minotel.com\/de\/politique-de-confidentialite\/","og_site_name":"MINOTEL","article_modified_time":"2023-11-09T14:36:02+00:00","twitter_card":"summary_large_image","twitter_misc":{"Gesch\u00e4tzte Lesezeit":"3\u00a0Minuten"},"schema":{"@context":"https:\/\/schema.org","@graph":[{"@type":"WebPage","@id":"https:\/\/minotel.com\/de\/politique-de-confidentialite\/","url":"https:\/\/minotel.com\/de\/politique-de-confidentialite\/","name":"Datenschutzrichtlinie - MINOTEL","isPartOf":{"@id":"http:\/\/minotel.com\/#website"},"datePublished":"2022-09-08T17:35:02+00:00","dateModified":"2023-11-09T14:36:02+00:00","breadcrumb":{"@id":"https:\/\/minotel.com\/de\/politique-de-confidentialite\/#breadcrumb"},"inLanguage":"de","potentialAction":[{"@type":"ReadAction","target":["https:\/\/minotel.com\/de\/politique-de-confidentialite\/"]}]},{"@type":"BreadcrumbList","@id":"https:\/\/minotel.com\/de\/politique-de-confidentialite\/#breadcrumb","itemListElement":[{"@type":"ListItem","position":1,"name":"Accueil","item":"https:\/\/minotel.com\/de\/"},{"@type":"ListItem","position":2,"name":"Datenschutzrichtlinie"}]},{"@type":"WebSite","@id":"http:\/\/minotel.com\/#website","url":"http:\/\/minotel.com\/","name":"MINOTEL","description":"Outils et des services pour am\u00e9liorer votre rentabilit\u00e9","potentialAction":[{"@type":"SearchAction","target":{"@type":"EntryPoint","urlTemplate":"http:\/\/minotel.com\/?s={search_term_string}"},"query-input":"required name=search_term_string"}],"inLanguage":"de"}]}},"_links":{"self":[{"href":"https:\/\/minotel.com\/de\/wp-json\/wp\/v2\/pages\/2645","targetHints":{"allow":["GET"]}}],"collection":[{"href":"https:\/\/minotel.com\/de\/wp-json\/wp\/v2\/pages"}],"about":[{"href":"https:\/\/minotel.com\/de\/wp-json\/wp\/v2\/types\/page"}],"author":[{"embeddable":true,"href":"https:\/\/minotel.com\/de\/wp-json\/wp\/v2\/users\/1"}],"replies":[{"embeddable":true,"href":"https:\/\/minotel.com\/de\/wp-json\/wp\/v2\/comments?post=2645"}],"version-history":[{"count":14,"href":"https:\/\/minotel.com\/de\/wp-json\/wp\/v2\/pages\/2645\/revisions"}],"predecessor-version":[{"id":2945,"href":"https:\/\/minotel.com\/de\/wp-json\/wp\/v2\/pages\/2645\/revisions\/2945"}],"wp:attachment":[{"href":"https:\/\/minotel.com\/de\/wp-json\/wp\/v2\/media?parent=2645"}],"curies":[{"name":"wp","href":"https:\/\/api.w.org\/{rel}","templated":true}]}}